{"id":2192,"date":"2025-03-18T11:18:45","date_gmt":"2025-03-18T10:18:45","guid":{"rendered":"https:\/\/opera-carthago.stimodele.eu\/copyright\/"},"modified":"2025-04-14T08:14:22","modified_gmt":"2025-04-14T06:14:22","slug":"copyright","status":"publish","type":"page","link":"https:\/\/opera-carthago.com\/it\/copyright\/","title":{"rendered":"Copyright"},"content":{"rendered":"<style>.elementor-2192 .elementor-element.elementor-element-22a3553{--display:flex;--min-height:55vh;--flex-direction:column;--container-widget-width:100%;--container-widget-height:initial;--container-widget-flex-grow:0;--container-widget-align-self:initial;--flex-wrap-mobile:wrap;--overlay-opacity:0.15;--padding-top:7em;--padding-bottom:5em;--padding-left:0em;--padding-right:0em;}.elementor-2192 .elementor-element.elementor-element-22a3553:not(.elementor-motion-effects-element-type-background), .elementor-2192 .elementor-element.elementor-element-22a3553 > .elementor-motion-effects-container > .elementor-motion-effects-layer{background-color:var( --e-global-color-primary );}.elementor-2192 .elementor-element.elementor-element-22a3553::before, .elementor-2192 .elementor-element.elementor-element-22a3553 > .elementor-background-video-container::before, .elementor-2192 .elementor-element.elementor-element-22a3553 > .e-con-inner > .elementor-background-video-container::before, .elementor-2192 .elementor-element.elementor-element-22a3553 > .elementor-background-slideshow::before, .elementor-2192 .elementor-element.elementor-element-22a3553 > .e-con-inner > .elementor-background-slideshow::before, .elementor-2192 .elementor-element.elementor-element-22a3553 > .elementor-motion-effects-container > .elementor-motion-effects-layer::before{--background-overlay:'';background-image:url(\"https:\/\/opera-carthago.com\/wp-content\/uploads\/2025\/03\/shape.png\");background-position:bottom center;background-repeat:repeat-x;background-size:contain;}.elementor-2192 .elementor-element.elementor-element-8635d12{--display:flex;--gap:0px 0px;--row-gap:0px;--column-gap:0px;}.elementor-2192 .elementor-element.elementor-element-9d5c907 .elementor-icon-list-items:not(.elementor-inline-items) .elementor-icon-list-item:not(:last-child){padding-block-end:calc(10px\/2);}.elementor-2192 .elementor-element.elementor-element-9d5c907 .elementor-icon-list-items:not(.elementor-inline-items) .elementor-icon-list-item:not(:first-child){margin-block-start:calc(10px\/2);}.elementor-2192 .elementor-element.elementor-element-9d5c907 .elementor-icon-list-items.elementor-inline-items .elementor-icon-list-item{margin-inline:calc(10px\/2);}.elementor-2192 .elementor-element.elementor-element-9d5c907 .elementor-icon-list-items.elementor-inline-items{margin-inline:calc(-10px\/2);}.elementor-2192 .elementor-element.elementor-element-9d5c907 .elementor-icon-list-items.elementor-inline-items .elementor-icon-list-item:after{inset-inline-end:calc(-10px\/2);}.elementor-2192 .elementor-element.elementor-element-9d5c907 .elementor-icon-list-icon i{transition:color 0.3s;}.elementor-2192 .elementor-element.elementor-element-9d5c907 .elementor-icon-list-icon svg{transition:fill 0.3s;}.elementor-2192 .elementor-element.elementor-element-9d5c907{--e-icon-list-icon-size:14px;--icon-vertical-offset:0px;}.elementor-2192 .elementor-element.elementor-element-9d5c907 .elementor-icon-list-item > .elementor-icon-list-text, .elementor-2192 .elementor-element.elementor-element-9d5c907 .elementor-icon-list-item > a{font-family:var( --e-global-typography-text-font-family ), Sans-serif;font-size:var( --e-global-typography-text-font-size );font-weight:var( --e-global-typography-text-font-weight );text-transform:var( --e-global-typography-text-text-transform );line-height:var( --e-global-typography-text-line-height );letter-spacing:var( --e-global-typography-text-letter-spacing );}.elementor-2192 .elementor-element.elementor-element-9d5c907 .elementor-icon-list-text{color:var( --e-global-color-accent );transition:color 0.3s;}.elementor-2192 .elementor-element.elementor-element-9d5c907 .elementor-icon-list-item:hover .elementor-icon-list-text{color:var( --e-global-color-4a5499b );}.elementor-2192 .elementor-element.elementor-element-9d5c907 > .elementor-widget-container{margin:0px 0px 10px 0px;}.elementor-2192 .elementor-element.elementor-element-079d8e3{text-align:center;width:var( --container-widget-width, 75% );max-width:75%;--container-widget-width:75%;--container-widget-flex-grow:0;}.elementor-2192 .elementor-element.elementor-element-079d8e3 .elementor-heading-title{font-family:var( --e-global-typography-primary-font-family ), Sans-serif;font-size:var( --e-global-typography-primary-font-size );font-weight:var( --e-global-typography-primary-font-weight );text-transform:var( --e-global-typography-primary-text-transform );line-height:var( --e-global-typography-primary-line-height );letter-spacing:var( --e-global-typography-primary-letter-spacing );color:var( --e-global-color-4a5499b );}.elementor-2192 .elementor-element.elementor-element-079d8e3.elementor-element{--align-self:center;}.elementor-2192 .elementor-element.elementor-element-8e12461{--display:flex;--flex-direction:column;--container-widget-width:100%;--container-widget-height:initial;--container-widget-flex-grow:0;--container-widget-align-self:initial;--flex-wrap-mobile:wrap;--margin-top:-60px;--margin-bottom:0px;--margin-left:0px;--margin-right:0px;--padding-top:0px;--padding-bottom:0px;--padding-left:0px;--padding-right:0px;}.elementor-2192 .elementor-element.elementor-element-3593227{--alignment:center;--direction:rtl;--width:120px;--rotate:331deg;font-family:var( --e-global-typography-887363b-font-family ), Sans-serif;font-size:var( --e-global-typography-887363b-font-size );font-weight:var( --e-global-typography-887363b-font-weight );text-transform:var( --e-global-typography-887363b-text-transform );line-height:var( --e-global-typography-887363b-line-height );letter-spacing:var( --e-global-typography-887363b-letter-spacing );word-spacing:var( --e-global-typography-887363b-word-spacing );--word-spacing:8px;--text-color:var( --e-global-color-0f01f5c );--transition:0.3s;width:auto;max-width:auto;z-index:1;}.elementor-2192 .elementor-element.elementor-element-3593227 > .elementor-widget-container{margin:0px 0px 0px 0px;background-image:url(\"https:\/\/opera-carthago.com\/wp-content\/uploads\/2025\/03\/opera-carthago-logo-v2.svg\");background-position:center center;background-repeat:no-repeat;background-size:70px auto;}.elementor-2192 .elementor-element.elementor-element-3593227.elementor-element{--align-self:center;}.elementor-2192 .elementor-element.elementor-element-34ddcf1{--display:flex;--flex-direction:row;--container-widget-width:initial;--container-widget-height:100%;--container-widget-flex-grow:1;--container-widget-align-self:stretch;--flex-wrap-mobile:wrap;--justify-content:space-between;--gap:0px 0px;--row-gap:0px;--column-gap:0px;--flex-wrap:wrap;--padding-top:4em;--padding-bottom:6em;--padding-left:0em;--padding-right:0em;}.elementor-2192 .elementor-element.elementor-element-379aad6{color:var( --e-global-color-text );}:root{--page-title-display:none;}@media(max-width:1366px){.elementor-2192 .elementor-element.elementor-element-22a3553{--min-height:47vh;--padding-top:4em;--padding-bottom:7em;--padding-left:0em;--padding-right:0em;}.elementor-2192 .elementor-element.elementor-element-9d5c907 .elementor-icon-list-item > .elementor-icon-list-text, .elementor-2192 .elementor-element.elementor-element-9d5c907 .elementor-icon-list-item > a{font-size:var( --e-global-typography-text-font-size );line-height:var( --e-global-typography-text-line-height );letter-spacing:var( --e-global-typography-text-letter-spacing );}.elementor-2192 .elementor-element.elementor-element-079d8e3 .elementor-heading-title{font-size:var( --e-global-typography-primary-font-size );line-height:var( --e-global-typography-primary-line-height );letter-spacing:var( --e-global-typography-primary-letter-spacing );}.elementor-2192 .elementor-element.elementor-element-079d8e3{--container-widget-width:80%;--container-widget-flex-grow:0;width:var( --container-widget-width, 80% );max-width:80%;}.elementor-2192 .elementor-element.elementor-element-3593227{--width:140px;font-size:var( --e-global-typography-887363b-font-size );line-height:var( --e-global-typography-887363b-line-height );letter-spacing:var( --e-global-typography-887363b-letter-spacing );word-spacing:var( --e-global-typography-887363b-word-spacing );}.elementor-2192 .elementor-element.elementor-element-34ddcf1{--padding-top:3em;--padding-bottom:5em;--padding-left:1em;--padding-right:1em;}}@media(max-width:1024px){.elementor-2192 .elementor-element.elementor-element-22a3553{--min-height:46vh;--padding-top:4em;--padding-bottom:4em;--padding-left:0em;--padding-right:0em;}.elementor-2192 .elementor-element.elementor-element-9d5c907 .elementor-icon-list-item > .elementor-icon-list-text, .elementor-2192 .elementor-element.elementor-element-9d5c907 .elementor-icon-list-item > a{font-size:var( --e-global-typography-text-font-size );line-height:var( --e-global-typography-text-line-height );letter-spacing:var( --e-global-typography-text-letter-spacing );}.elementor-2192 .elementor-element.elementor-element-079d8e3 .elementor-heading-title{font-size:var( --e-global-typography-primary-font-size );line-height:var( --e-global-typography-primary-line-height );letter-spacing:var( --e-global-typography-primary-letter-spacing );}.elementor-2192 .elementor-element.elementor-element-079d8e3{--container-widget-width:90%;--container-widget-flex-grow:0;width:var( --container-widget-width, 90% );max-width:90%;}.elementor-2192 .elementor-element.elementor-element-8e12461{--margin-top:-60px;--margin-bottom:0px;--margin-left:0px;--margin-right:0px;}.elementor-2192 .elementor-element.elementor-element-3593227{--width:150px;--rotate:198deg;font-size:var( --e-global-typography-887363b-font-size );line-height:var( --e-global-typography-887363b-line-height );letter-spacing:var( --e-global-typography-887363b-letter-spacing );word-spacing:var( --e-global-typography-887363b-word-spacing );}.elementor-2192 .elementor-element.elementor-element-3593227 > .elementor-widget-container{margin:0px 0px 0px 0px;background-size:70px auto;}.elementor-2192 .elementor-element.elementor-element-34ddcf1{--justify-content:center;--padding-top:3em;--padding-bottom:5em;--padding-left:1em;--padding-right:1em;}}@media(max-width:767px){.elementor-2192 .elementor-element.elementor-element-22a3553{--min-height:47vh;--padding-top:3em;--padding-bottom:4em;--padding-left:0em;--padding-right:0em;}.elementor-2192 .elementor-element.elementor-element-22a3553::before, .elementor-2192 .elementor-element.elementor-element-22a3553 > .elementor-background-video-container::before, .elementor-2192 .elementor-element.elementor-element-22a3553 > .e-con-inner > .elementor-background-video-container::before, .elementor-2192 .elementor-element.elementor-element-22a3553 > .elementor-background-slideshow::before, .elementor-2192 .elementor-element.elementor-element-22a3553 > .e-con-inner > .elementor-background-slideshow::before, .elementor-2192 .elementor-element.elementor-element-22a3553 > .elementor-motion-effects-container > .elementor-motion-effects-layer::before{background-size:cover;}.elementor-2192 .elementor-element.elementor-element-9d5c907 .elementor-icon-list-item > .elementor-icon-list-text, .elementor-2192 .elementor-element.elementor-element-9d5c907 .elementor-icon-list-item > a{font-size:var( --e-global-typography-text-font-size );line-height:var( --e-global-typography-text-line-height );letter-spacing:var( --e-global-typography-text-letter-spacing );}.elementor-2192 .elementor-element.elementor-element-079d8e3 .elementor-heading-title{font-size:var( --e-global-typography-primary-font-size );line-height:var( --e-global-typography-primary-line-height );letter-spacing:var( --e-global-typography-primary-letter-spacing );}.elementor-2192 .elementor-element.elementor-element-079d8e3{--container-widget-width:100%;--container-widget-flex-grow:0;width:var( --container-widget-width, 100% );max-width:100%;}.elementor-2192 .elementor-element.elementor-element-8e12461{--margin-top:-50px;--margin-bottom:0px;--margin-left:0px;--margin-right:0px;}.elementor-2192 .elementor-element.elementor-element-3593227{--width:100px;--rotate:212deg;font-size:var( --e-global-typography-887363b-font-size );line-height:var( --e-global-typography-887363b-line-height );letter-spacing:var( --e-global-typography-887363b-letter-spacing );word-spacing:var( --e-global-typography-887363b-word-spacing );}.elementor-2192 .elementor-element.elementor-element-3593227 > .elementor-widget-container{margin:0px 0px 0px 0px;}.elementor-2192 .elementor-element.elementor-element-3593227.elementor-element{--align-self:center;}.elementor-2192 .elementor-element.elementor-element-34ddcf1{--padding-top:3em;--padding-bottom:4em;--padding-left:1em;--padding-right:1em;}}@media(min-width:768px){.elementor-2192 .elementor-element.elementor-element-22a3553{--content-width:1400px;}.elementor-2192 .elementor-element.elementor-element-8e12461{--content-width:1400px;}.elementor-2192 .elementor-element.elementor-element-34ddcf1{--content-width:1024px;}}<\/style>\t\t<div data-elementor-type=\"wp-page\" data-elementor-id=\"2192\" class=\"elementor elementor-2192 elementor-305\" data-elementor-post-type=\"page\">\n\t\t\t\t<div class=\"elementor-element elementor-element-22a3553 e-flex e-con-boxed e-con e-parent\" data-id=\"22a3553\" data-element_type=\"container\" data-e-type=\"container\" data-settings=\"{&quot;background_background&quot;:&quot;classic&quot;}\">\n\t\t\t\t\t<div class=\"e-con-inner\">\n\t\t<div class=\"elementor-element elementor-element-8635d12 e-con-full e-flex e-con e-child\" data-id=\"8635d12\" data-element_type=\"container\" data-e-type=\"container\">\n\t\t\t\t<div class=\"elementor-element elementor-element-9d5c907 elementor-icon-list--layout-inline elementor-align-center elementor-list-item-link-full_width elementor-widget elementor-widget-icon-list\" data-id=\"9d5c907\" data-element_type=\"widget\" data-e-type=\"widget\" data-widget_type=\"icon-list.default\">\n\t\t\t\t<div class=\"elementor-widget-container\">\n\t\t\t\t\t\t\t<ul class=\"elementor-icon-list-items elementor-inline-items\">\n\t\t\t\t\t\t\t<li class=\"elementor-icon-list-item elementor-inline-item\">\n\t\t\t\t\t\t\t\t\t\t\t<a href=\"https:\/\/opera-carthago.com\/it\/\">\n\n\t\t\t\t\t\t\t\t\t\t\t<span class=\"elementor-icon-list-text\">Home<\/span>\n\t\t\t\t\t\t\t\t\t\t\t<\/a>\n\t\t\t\t\t\t\t\t\t<\/li>\n\t\t\t\t\t\t\t\t<li class=\"elementor-icon-list-item elementor-inline-item\">\n\t\t\t\t\t\t\t\t\t\t\t<span class=\"elementor-icon-list-icon\">\n\t\t\t\t\t\t\t<i aria-hidden=\"true\" class=\"jki jki-angle-right-solid\"><\/i>\t\t\t\t\t\t<\/span>\n\t\t\t\t\t\t\t\t\t\t<span class=\"elementor-icon-list-text\"><\/span>\n\t\t\t\t\t\t\t\t\t<\/li>\n\t\t\t\t\t\t\t\t<li class=\"elementor-icon-list-item elementor-inline-item\">\n\t\t\t\t\t\t\t\t\t\t\t<a href=\"https:\/\/opera-carthago.com\/it\/copyright\/\">\n\n\t\t\t\t\t\t\t\t\t\t\t<span class=\"elementor-icon-list-text\">Copyright<\/span>\n\t\t\t\t\t\t\t\t\t\t\t<\/a>\n\t\t\t\t\t\t\t\t\t<\/li>\n\t\t\t\t\t\t<\/ul>\n\t\t\t\t\t\t<\/div>\n\t\t\t\t<\/div>\n\t\t\t\t<div class=\"elementor-element elementor-element-079d8e3 elementor-widget__width-initial elementor-widget elementor-widget-heading\" data-id=\"079d8e3\" data-element_type=\"widget\" data-e-type=\"widget\" data-widget_type=\"heading.default\">\n\t\t\t\t<div class=\"elementor-widget-container\">\n\t\t\t\t\t<h1 class=\"elementor-heading-title elementor-size-default\">Copyright<\/h1>\t\t\t\t<\/div>\n\t\t\t\t<\/div>\n\t\t\t\t<\/div>\n\t\t\t\t\t<\/div>\n\t\t\t\t<\/div>\n\t\t<div class=\"elementor-element elementor-element-8e12461 e-flex e-con-boxed e-con e-parent\" data-id=\"8e12461\" data-element_type=\"container\" data-e-type=\"container\">\n\t\t\t\t\t<div class=\"e-con-inner\">\n\t\t\t\t<div class=\"elementor-element elementor-element-3593227 elementor-widget__width-auto elementor-widget elementor-widget-text-path\" data-id=\"3593227\" data-element_type=\"widget\" data-e-type=\"widget\" data-settings=\"{&quot;text&quot;:&quot;Opera Carthago - &nbsp;Opera Carthago &nbsp;&nbsp;-&quot;,&quot;align&quot;:&quot;center&quot;,&quot;text_path_direction&quot;:&quot;rtl&quot;,&quot;link&quot;:{&quot;url&quot;:&quot;&quot;,&quot;is_external&quot;:&quot;&quot;,&quot;nofollow&quot;:&quot;&quot;,&quot;custom_attributes&quot;:&quot;&quot;},&quot;start_point&quot;:{&quot;unit&quot;:&quot;%&quot;,&quot;size&quot;:0,&quot;sizes&quot;:[]}}\" data-widget_type=\"text-path.default\">\n\t\t\t\t<div class=\"elementor-widget-container\">\n\t\t\t\t\t\t\t<div class=\"e-text-path\" data-text=\"Opera Carthago - &amp;nbsp;Opera Carthago &amp;nbsp;&amp;nbsp;-\" data-url=\"\/\/opera-carthago.com\/wp-content\/plugins\/elementor\/assets\/svg-paths\/circle.svg\" data-link-url=\"\"><\/div>\n\t\t\t\t\t\t<\/div>\n\t\t\t\t<\/div>\n\t\t\t\t\t<\/div>\n\t\t\t\t<\/div>\n\t\t<div class=\"elementor-element elementor-element-34ddcf1 e-flex e-con-boxed e-con e-parent\" data-id=\"34ddcf1\" data-element_type=\"container\" data-e-type=\"container\">\n\t\t\t\t\t<div class=\"e-con-inner\">\n\t\t\t\t<div class=\"elementor-element elementor-element-379aad6 elementor-widget elementor-widget-text-editor\" data-id=\"379aad6\" data-element_type=\"widget\" data-e-type=\"widget\" data-widget_type=\"text-editor.default\">\n\t\t\t\t<div class=\"elementor-widget-container\">\n\t\t\t\t\t\t\t\t\t<p>\u201cCARTHAGO ovvero gli amori tragici di Didone ed Enea\u201d \u00e8 un\u2019opera protetta dalla normativa sul diritto d\u2019autore. Vi preghiamo pertanto di dichiarare alla societ\u00e0 di copyright del vostro paese qualsiasi interpretazione totale o parziale e\/o qualsiasi registrazione.<\/p><p>Jean-Philippe sarebbe inoltre felice se lo informaste della vostra interpretazione (alla quale forse potr\u00e0 assistere), tramite l\u2019indirizzo e-mail di questo sito : jeanphil.mogenet@gmail.com.<\/p>\t\t\t\t\t\t\t\t<\/div>\n\t\t\t\t<\/div>\n\t\t\t\t\t<\/div>\n\t\t\t\t<\/div>\n\t\t\t\t<\/div>\n\t\t","protected":false},"excerpt":{"rendered":"<p>Home Copyright \u201cCARTHAGO ovvero gli amori tragici di Didone ed Enea\u201d \u00e8 un\u2019opera protetta dalla normativa sul diritto d\u2019autore. Vi preghiamo pertanto di dichiarare alla societ\u00e0 di copyright del vostro paese qualsiasi interpretazione totale o parziale e\/o qualsiasi registrazione. Jean-Philippe sarebbe inoltre felice se lo informaste della vostra interpretazione (alla quale forse potr\u00e0 assistere), tramite [&hellip;]<\/p>\n","protected":false},"author":1,"featured_media":0,"parent":0,"menu_order":0,"comment_status":"closed","ping_status":"closed","template":"elementor_header_footer","meta":{"_seopress_robots_primary_cat":"","_seopress_titles_title":"Droits d'auteur - Carthago, l'op\u00e9ra en fran\u00e7ais","_seopress_titles_desc":"L\u2019op\u00e9ra CARTHAGO est prot\u00e9g\u00e9 par les droits d\u2019auteur. D\u00e9clarez toute interpr\u00e9tation ou enregistrement, et contactez Jean-Philippe Mogenet pour le pr\u00e9venir.","_seopress_robots_index":"","footnotes":""},"class_list":["post-2192","page","type-page","status-publish"],"_links":{"self":[{"href":"https:\/\/opera-carthago.com\/it\/wp-json\/wp\/v2\/pages\/2192","targetHints":{"allow":["GET"]}}],"collection":[{"href":"https:\/\/opera-carthago.com\/it\/wp-json\/wp\/v2\/pages"}],"about":[{"href":"https:\/\/opera-carthago.com\/it\/wp-json\/wp\/v2\/types\/page"}],"author":[{"embeddable":true,"href":"https:\/\/opera-carthago.com\/it\/wp-json\/wp\/v2\/users\/1"}],"replies":[{"embeddable":true,"href":"https:\/\/opera-carthago.com\/it\/wp-json\/wp\/v2\/comments?post=2192"}],"version-history":[{"count":0,"href":"https:\/\/opera-carthago.com\/it\/wp-json\/wp\/v2\/pages\/2192\/revisions"}],"wp:attachment":[{"href":"https:\/\/opera-carthago.com\/it\/wp-json\/wp\/v2\/media?parent=2192"}],"curies":[{"name":"wp","href":"https:\/\/api.w.org\/{rel}","templated":true}]}}